{"id":78,"date":"2019-01-19T18:38:29","date_gmt":"2019-01-19T17:38:29","guid":{"rendered":"http:\/\/mademoisellejoe.com\/?page_id=78"},"modified":"2021-01-27T15:50:41","modified_gmt":"2021-01-27T14:50:41","slug":"ceramiques","status":"publish","type":"page","link":"https:\/\/mademoisellejoe.com\/index.php\/ceramiques\/","title":{"rendered":"CERAMIQUES"},"content":{"rendered":"\n<p>Toutes les cr\u00e9ations en Fa\u00efence sont des pi\u00e8ce uniques:<br>D\u00e9cor fait \u00e0 la main, aux pinceaux et peint sur \u00e9mail cru.<br>Emaillage \u00e0 la main au pinceau,<br>d\u00e9culottage \u00e0 la main, <br>et une cuisson au four \u00e0 990\u00b0.<\/p>\n\n\n\nngg_shortcode_0_placeholder\n","protected":false},"excerpt":{"rendered":"<p>Toutes les cr\u00e9ations en Fa\u00efence sont des pi\u00e8ce uniques:D\u00e9cor fait \u00e0 la main, aux pinceaux et peint sur \u00e9mail cru.Emaillage \u00e0 la main au pinceau,d\u00e9culottage \u00e0 la main, et une cuisson au four \u00e0 990\u00b0.<\/p>\n","protected":false},"author":1,"featured_media":0,"parent":0,"menu_order":1,"comment_status":"closed","ping_status":"closed","template":"","meta":{"ngg_post_thumbnail":0,"footnotes":""},"class_list":["post-78","page","type-page","status-publish","hentry"],"_links":{"self":[{"href":"https:\/\/mademoisellejoe.com\/index.php\/wp-json\/wp\/v2\/pages\/78","targetHints":{"allow":["GET"]}}],"collection":[{"href":"https:\/\/mademoisellejoe.com\/index.php\/wp-json\/wp\/v2\/pages"}],"about":[{"href":"https:\/\/mademoisellejoe.com\/index.php\/wp-json\/wp\/v2\/types\/page"}],"author":[{"embeddable":true,"href":"https:\/\/mademoisellejoe.com\/index.php\/wp-json\/wp\/v2\/users\/1"}],"replies":[{"embeddable":true,"href":"https:\/\/mademoisellejoe.com\/index.php\/wp-json\/wp\/v2\/comments?post=78"}],"version-history":[{"count":6,"href":"https:\/\/mademoisellejoe.com\/index.php\/wp-json\/wp\/v2\/pages\/78\/revisions"}],"predecessor-version":[{"id":552,"href":"https:\/\/mademoisellejoe.com\/index.php\/wp-json\/wp\/v2\/pages\/78\/revisions\/552"}],"wp:attachment":[{"href":"https:\/\/mademoisellejoe.com\/index.php\/wp-json\/wp\/v2\/media?parent=78"}],"curies":[{"name":"wp","href":"https:\/\/api.w.org\/{rel}","templated":true}]}}