{"id":77,"date":"2019-01-19T18:32:29","date_gmt":"2019-01-19T17:32:29","guid":{"rendered":"http:\/\/mademoisellejoe.com\/?page_id=77"},"modified":"2021-01-27T15:56:58","modified_gmt":"2021-01-27T14:56:58","slug":"bols-a-cidre","status":"publish","type":"page","link":"https:\/\/mademoisellejoe.com\/index.php\/bols-a-cidre\/","title":{"rendered":"BOLS \u00e0 CIDRE"},"content":{"rendered":"\n<p>Ces Bols \u00e0 Cidre en <em>Fa\u00efence sont peints aux pinceaux.<\/em><\/p>\n\n\n\n<p>Ils sont d\u00e9cor\u00e9s sur biscuits , <\/p>\n\n\n\n<p>\u00e9maill\u00e9s au pinceau,<\/p>\n\n\n\n<p>d\u00e9culott\u00e9s \u00e0 la main.<\/p>\n\n\n\n<p>Et cuisent au four \u00e0 990\u00b0.<\/p>\n\n\n\nngg_shortcode_0_placeholder\n\n\n\n<p><br><\/p>\n\n\n\n<p><\/p>\n","protected":false},"excerpt":{"rendered":"<p>Ces Bols \u00e0 Cidre en Fa\u00efence sont peints aux pinceaux. Ils sont d\u00e9cor\u00e9s sur biscuits , \u00e9maill\u00e9s au pinceau, d\u00e9culott\u00e9s \u00e0 la main. Et cuisent au four \u00e0 990\u00b0.<\/p>\n","protected":false},"author":1,"featured_media":0,"parent":0,"menu_order":3,"comment_status":"closed","ping_status":"closed","template":"","meta":{"ngg_post_thumbnail":0,"footnotes":""},"class_list":["post-77","page","type-page","status-publish","hentry"],"_links":{"self":[{"href":"https:\/\/mademoisellejoe.com\/index.php\/wp-json\/wp\/v2\/pages\/77","targetHints":{"allow":["GET"]}}],"collection":[{"href":"https:\/\/mademoisellejoe.com\/index.php\/wp-json\/wp\/v2\/pages"}],"about":[{"href":"https:\/\/mademoisellejoe.com\/index.php\/wp-json\/wp\/v2\/types\/page"}],"author":[{"embeddable":true,"href":"https:\/\/mademoisellejoe.com\/index.php\/wp-json\/wp\/v2\/users\/1"}],"replies":[{"embeddable":true,"href":"https:\/\/mademoisellejoe.com\/index.php\/wp-json\/wp\/v2\/comments?post=77"}],"version-history":[{"count":3,"href":"https:\/\/mademoisellejoe.com\/index.php\/wp-json\/wp\/v2\/pages\/77\/revisions"}],"predecessor-version":[{"id":554,"href":"https:\/\/mademoisellejoe.com\/index.php\/wp-json\/wp\/v2\/pages\/77\/revisions\/554"}],"wp:attachment":[{"href":"https:\/\/mademoisellejoe.com\/index.php\/wp-json\/wp\/v2\/media?parent=77"}],"curies":[{"name":"wp","href":"https:\/\/api.w.org\/{rel}","templated":true}]}}