{"id":58,"date":"2019-01-07T17:39:45","date_gmt":"2019-01-07T16:39:45","guid":{"rendered":"http:\/\/mademoisellejoe.com\/?page_id=58"},"modified":"2021-01-27T15:43:44","modified_gmt":"2021-01-27T14:43:44","slug":"le-torchon-breton","status":"publish","type":"page","link":"https:\/\/mademoisellejoe.com\/","title":{"rendered":"LE TORCHON BRETON"},"content":{"rendered":"\n<p><\/p>\n\n\n\n<p> Le produit est imprim\u00e9 par l&rsquo; entreprise \u00ab\u00a0SOFIDIAL\u00a0\u00bb de Pluguffan \/ Quimper .  Cette entreprise est membre de l&rsquo; association PRODUIT EN BRETAGNE<\/p>\n\n\n\n<p>Les dessins  sont r\u00e9alis\u00e9s par Joe.  Son atelier est situ\u00e9 \u00e0 Tr\u00e9m\u00e9oc dans LE PAYS BIGOUDEN ,  en Bretagne.<\/p>\n\n\n\n<p>\u00a0\u00bb N&rsquo; ayant pas trouv\u00e9 de fabricant de tissus pour les torchons en Bretagne,  j&rsquo; ai choisi un coton de Grande Bretagne. Celui-ci est appr\u00e9ci\u00e9 pour la qualit\u00e9 du tissage et est issu du COMMERCE EQUITABLE. \u00ab\u00a0<\/p>\n\n\n\n<p><\/p>\n\n\n\n<p> Dimension :   50&#215;70 cm<\/p>\n\n\n\n<p> Couleurs :    ivoire et  noir<\/p>\n\n\n\n<figure class=\"wp-block-image is-resized\"><img loading=\"lazy\" decoding=\"async\" src=\"http:\/\/mademoisellejoe.com\/wp-content\/uploads\/2019\/03\/IMG_2334.jpg\" alt=\"\" class=\"wp-image-312\" width=\"344\" height=\"458\" srcset=\"https:\/\/mademoisellejoe.com\/wp-content\/uploads\/2019\/03\/IMG_2334.jpg 480w, https:\/\/mademoisellejoe.com\/wp-content\/uploads\/2019\/03\/IMG_2334-225x300.jpg 225w\" sizes=\"auto, (max-width: 344px) 100vw, 344px\" \/><\/figure>\n\n\n\n<figure class=\"wp-block-image is-resized\"><img loading=\"lazy\" decoding=\"async\" src=\"http:\/\/mademoisellejoe.com\/wp-content\/uploads\/2019\/03\/IMG_2508.jpg\" alt=\"\" class=\"wp-image-345\" width=\"455\" height=\"342\" srcset=\"https:\/\/mademoisellejoe.com\/wp-content\/uploads\/2019\/03\/IMG_2508.jpg 640w, https:\/\/mademoisellejoe.com\/wp-content\/uploads\/2019\/03\/IMG_2508-300x225.jpg 300w\" sizes=\"auto, (max-width: 455px) 100vw, 455px\" \/><\/figure>\n\n\n\n<figure class=\"wp-block-image is-resized\"><img loading=\"lazy\" decoding=\"async\" src=\"http:\/\/mademoisellejoe.com\/wp-content\/uploads\/2019\/03\/IMG_2360-2.jpg\" alt=\"\" class=\"wp-image-331\" width=\"332\" height=\"249\" srcset=\"https:\/\/mademoisellejoe.com\/wp-content\/uploads\/2019\/03\/IMG_2360-2.jpg 640w, https:\/\/mademoisellejoe.com\/wp-content\/uploads\/2019\/03\/IMG_2360-2-300x225.jpg 300w\" sizes=\"auto, (max-width: 332px) 100vw, 332px\" \/><\/figure>\n\n\n\n<figure class=\"wp-block-image is-resized\"><img loading=\"lazy\" decoding=\"async\" src=\"http:\/\/mademoisellejoe.com\/wp-content\/uploads\/2019\/03\/IMG_2352.jpg\" alt=\"\" class=\"wp-image-315\" width=\"326\" height=\"245\" srcset=\"https:\/\/mademoisellejoe.com\/wp-content\/uploads\/2019\/03\/IMG_2352.jpg 640w, https:\/\/mademoisellejoe.com\/wp-content\/uploads\/2019\/03\/IMG_2352-300x225.jpg 300w\" sizes=\"auto, (max-width: 326px) 100vw, 326px\" \/><\/figure>\n\n\n\n<figure class=\"wp-block-image is-resized\"><img loading=\"lazy\" decoding=\"async\" src=\"http:\/\/mademoisellejoe.com\/wp-content\/uploads\/2019\/01\/IMG_2265.jpg\" alt=\"\" class=\"wp-image-189\" width=\"328\" height=\"247\" srcset=\"https:\/\/mademoisellejoe.com\/wp-content\/uploads\/2019\/01\/IMG_2265.jpg 640w, https:\/\/mademoisellejoe.com\/wp-content\/uploads\/2019\/01\/IMG_2265-300x225.jpg 300w\" sizes=\"auto, (max-width: 328px) 100vw, 328px\" \/><\/figure>\n\n\n\n<figure class=\"wp-block-image is-resized\"><img loading=\"lazy\" decoding=\"async\" src=\"http:\/\/mademoisellejoe.com\/wp-content\/uploads\/2019\/03\/Capture1-1.png\" alt=\"\" class=\"wp-image-350\" width=\"340\" height=\"218\" srcset=\"https:\/\/mademoisellejoe.com\/wp-content\/uploads\/2019\/03\/Capture1-1.png 922w, https:\/\/mademoisellejoe.com\/wp-content\/uploads\/2019\/03\/Capture1-1-300x193.png 300w, https:\/\/mademoisellejoe.com\/wp-content\/uploads\/2019\/03\/Capture1-1-768x495.png 768w\" sizes=\"auto, (max-width: 340px) 100vw, 340px\" \/><\/figure>\n\n\n\n<figure class=\"wp-block-image is-resized\"><img loading=\"lazy\" decoding=\"async\" src=\"http:\/\/mademoisellejoe.com\/wp-content\/uploads\/2019\/04\/IMG_2825-6.jpg\" alt=\"\" class=\"wp-image-392\" width=\"226\" height=\"301\" srcset=\"https:\/\/mademoisellejoe.com\/wp-content\/uploads\/2019\/04\/IMG_2825-6.jpg 480w, https:\/\/mademoisellejoe.com\/wp-content\/uploads\/2019\/04\/IMG_2825-6-225x300.jpg 225w\" sizes=\"auto, (max-width: 226px) 100vw, 226px\" \/><\/figure>\n\n\n\n<figure class=\"wp-block-image is-resized\"><img loading=\"lazy\" decoding=\"async\" src=\"http:\/\/mademoisellejoe.com\/wp-content\/uploads\/2019\/03\/IMG_2730-1.jpg\" alt=\"\" class=\"wp-image-356\" width=\"324\" height=\"243\" srcset=\"https:\/\/mademoisellejoe.com\/wp-content\/uploads\/2019\/03\/IMG_2730-1.jpg 640w, https:\/\/mademoisellejoe.com\/wp-content\/uploads\/2019\/03\/IMG_2730-1-300x225.jpg 300w\" sizes=\"auto, (max-width: 324px) 100vw, 324px\" \/><\/figure>\n\n\n\n<figure class=\"wp-block-image is-resized\"><img loading=\"lazy\" decoding=\"async\" src=\"http:\/\/mademoisellejoe.com\/wp-content\/uploads\/2019\/04\/IMG_2763-e1554630361306.jpg\" alt=\"\" class=\"wp-image-397\" width=\"345\" height=\"460\" srcset=\"https:\/\/mademoisellejoe.com\/wp-content\/uploads\/2019\/04\/IMG_2763-e1554630361306.jpg 480w, https:\/\/mademoisellejoe.com\/wp-content\/uploads\/2019\/04\/IMG_2763-e1554630361306-225x300.jpg 225w\" sizes=\"auto, (max-width: 345px) 100vw, 345px\" \/><\/figure>\n\n\n\n<figure class=\"wp-block-image is-resized\"><img loading=\"lazy\" decoding=\"async\" src=\"http:\/\/mademoisellejoe.com\/wp-content\/uploads\/2019\/04\/IMG_2755-e1556299046920.jpg\" alt=\"\" class=\"wp-image-404\" width=\"348\" height=\"464\" srcset=\"https:\/\/mademoisellejoe.com\/wp-content\/uploads\/2019\/04\/IMG_2755-e1556299046920.jpg 480w, https:\/\/mademoisellejoe.com\/wp-content\/uploads\/2019\/04\/IMG_2755-e1556299046920-225x300.jpg 225w\" sizes=\"auto, (max-width: 348px) 100vw, 348px\" \/><\/figure>\n","protected":false},"excerpt":{"rendered":"<p>Le produit est imprim\u00e9 par l&rsquo; entreprise \u00ab\u00a0SOFIDIAL\u00a0\u00bb de Pluguffan \/ Quimper . Cette entreprise est membre de l&rsquo; association PRODUIT EN BRETAGNE Les dessins sont r\u00e9alis\u00e9s par Joe. Son atelier est situ\u00e9 \u00e0 Tr\u00e9m\u00e9oc dans LE PAYS BIGOUDEN , en Bretagne. \u00a0\u00bb N&rsquo; ayant pas trouv\u00e9 de fabricant de tissus pour les torchons en &hellip; <\/p>\n<p class=\"link-more\"><a href=\"https:\/\/mademoisellejoe.com\/\" class=\"more-link\">Continuer la lecture<span class=\"screen-reader-text\"> de &laquo;&nbsp;LE TORCHON BRETON&nbsp;&raquo;<\/span><\/a><\/p>\n","protected":false},"author":1,"featured_media":0,"parent":0,"menu_order":0,"comment_status":"closed","ping_status":"closed","template":"","meta":{"ngg_post_thumbnail":0,"footnotes":""},"class_list":["post-58","page","type-page","status-publish","hentry"],"_links":{"self":[{"href":"https:\/\/mademoisellejoe.com\/index.php\/wp-json\/wp\/v2\/pages\/58","targetHints":{"allow":["GET"]}}],"collection":[{"href":"https:\/\/mademoisellejoe.com\/index.php\/wp-json\/wp\/v2\/pages"}],"about":[{"href":"https:\/\/mademoisellejoe.com\/index.php\/wp-json\/wp\/v2\/types\/page"}],"author":[{"embeddable":true,"href":"https:\/\/mademoisellejoe.com\/index.php\/wp-json\/wp\/v2\/users\/1"}],"replies":[{"embeddable":true,"href":"https:\/\/mademoisellejoe.com\/index.php\/wp-json\/wp\/v2\/comments?post=58"}],"version-history":[{"count":58,"href":"https:\/\/mademoisellejoe.com\/index.php\/wp-json\/wp\/v2\/pages\/58\/revisions"}],"predecessor-version":[{"id":548,"href":"https:\/\/mademoisellejoe.com\/index.php\/wp-json\/wp\/v2\/pages\/58\/revisions\/548"}],"wp:attachment":[{"href":"https:\/\/mademoisellejoe.com\/index.php\/wp-json\/wp\/v2\/media?parent=58"}],"curies":[{"name":"wp","href":"https:\/\/api.w.org\/{rel}","templated":true}]}}