{"id":480,"date":"2020-07-24T19:15:26","date_gmt":"2020-07-24T17:15:26","guid":{"rendered":"http:\/\/mademoisellejoe.com\/?page_id=480"},"modified":"2020-08-01T14:05:50","modified_gmt":"2020-08-01T12:05:50","slug":"coussin-poisson","status":"publish","type":"page","link":"https:\/\/mademoisellejoe.com\/index.php\/coussin-poisson\/","title":{"rendered":"COUSSIN  POISSON"},"content":{"rendered":"\n<div class=\"wp-block-image\"><figure class=\"aligncenter size-large is-resized\"><img loading=\"lazy\" decoding=\"async\" src=\"http:\/\/mademoisellejoe.com\/wp-content\/uploads\/2020\/07\/IMG_4760.jpg\" alt=\"\" class=\"wp-image-483\" width=\"420\" height=\"315\" srcset=\"https:\/\/mademoisellejoe.com\/wp-content\/uploads\/2020\/07\/IMG_4760.jpg 640w, https:\/\/mademoisellejoe.com\/wp-content\/uploads\/2020\/07\/IMG_4760-300x225.jpg 300w\" sizes=\"auto, (max-width: 420px) 100vw, 420px\" \/><figcaption><em>COUSSIN  POISSON<\/em><br><br>Dimensions :    60 x 40 cm<br>Composition :   100 % Coton<br>Couleurs :   Ivoire et Noir<br>Fermeture \u00e9clair \u00e0 glissi\u00e8re fine<br><\/figcaption><\/figure><\/div>\n\n\n\n<h2 class=\"has-text-align-center wp-block-heading\"><\/h2>\n\n\n\n<p>Fermeture \u00e9clair positionn\u00e9e et cousue de fa\u00e7on invisible<\/p>\n\n\n\n<figure class=\"wp-block-image size-large is-resized\"><img loading=\"lazy\" decoding=\"async\" src=\"http:\/\/mademoisellejoe.com\/wp-content\/uploads\/2020\/07\/IMG_4761.jpg\" alt=\"\" class=\"wp-image-481\" width=\"377\" height=\"282\" srcset=\"https:\/\/mademoisellejoe.com\/wp-content\/uploads\/2020\/07\/IMG_4761.jpg 640w, https:\/\/mademoisellejoe.com\/wp-content\/uploads\/2020\/07\/IMG_4761-300x225.jpg 300w\" sizes=\"auto, (max-width: 377px) 100vw, 377px\" \/><\/figure>\n\n\n\n<div class=\"wp-block-group is-layout-flow wp-block-group-is-layout-flow\"><div class=\"wp-block-group__inner-container\"><\/div><\/div>\n\n\n\n<ul class=\"wp-block-list\"><li><\/li><\/ul>\n\n\n\n<figure class=\"wp-block-image size-large is-resized\"><img loading=\"lazy\" decoding=\"async\" src=\"http:\/\/mademoisellejoe.com\/wp-content\/uploads\/2020\/07\/IMG_3199-rotated.jpg\" alt=\"\" class=\"wp-image-482\" width=\"300\" height=\"400\" srcset=\"https:\/\/mademoisellejoe.com\/wp-content\/uploads\/2020\/07\/IMG_3199-rotated.jpg 480w, https:\/\/mademoisellejoe.com\/wp-content\/uploads\/2020\/07\/IMG_3199-225x300.jpg 225w\" sizes=\"auto, (max-width: 300px) 100vw, 300px\" \/><\/figure>\n\n\n\n<ol class=\"wp-block-list\"><li><strong>COUSSIN<\/strong> vendu chez<strong> Fleurs de Carotte<\/strong> : Boutique D\u00e9co \u00e0 Pont-l&rsquo;Abb\u00e9 .<\/li><li>Si vous souhaitez commander directement vous pouvez m&rsquo;envoyez un mail vit \u00e0 la page contact.<\/li><\/ol>\n\n\n\n<figure class=\"wp-block-image size-large\"><img loading=\"lazy\" decoding=\"async\" width=\"480\" height=\"640\" src=\"http:\/\/mademoisellejoe.com\/wp-content\/uploads\/2020\/07\/IMG_4777-rotated.jpg\" alt=\"\" class=\"wp-image-516\" srcset=\"https:\/\/mademoisellejoe.com\/wp-content\/uploads\/2020\/07\/IMG_4777-rotated.jpg 480w, https:\/\/mademoisellejoe.com\/wp-content\/uploads\/2020\/07\/IMG_4777-225x300.jpg 225w\" sizes=\"auto, (max-width: 480px) 100vw, 480px\" \/><\/figure>\n","protected":false},"excerpt":{"rendered":"<p>Fermeture \u00e9clair positionn\u00e9e et cousue de fa\u00e7on invisible COUSSIN vendu chez Fleurs de Carotte : Boutique D\u00e9co \u00e0 Pont-l&rsquo;Abb\u00e9 . Si vous souhaitez commander directement vous pouvez m&rsquo;envoyez un mail vit \u00e0 la page contact.<\/p>\n","protected":false},"author":1,"featured_media":0,"parent":0,"menu_order":2,"comment_status":"closed","ping_status":"closed","template":"","meta":{"ngg_post_thumbnail":0,"footnotes":""},"class_list":["post-480","page","type-page","status-publish","hentry"],"_links":{"self":[{"href":"https:\/\/mademoisellejoe.com\/index.php\/wp-json\/wp\/v2\/pages\/480","targetHints":{"allow":["GET"]}}],"collection":[{"href":"https:\/\/mademoisellejoe.com\/index.php\/wp-json\/wp\/v2\/pages"}],"about":[{"href":"https:\/\/mademoisellejoe.com\/index.php\/wp-json\/wp\/v2\/types\/page"}],"author":[{"embeddable":true,"href":"https:\/\/mademoisellejoe.com\/index.php\/wp-json\/wp\/v2\/users\/1"}],"replies":[{"embeddable":true,"href":"https:\/\/mademoisellejoe.com\/index.php\/wp-json\/wp\/v2\/comments?post=480"}],"version-history":[{"count":31,"href":"https:\/\/mademoisellejoe.com\/index.php\/wp-json\/wp\/v2\/pages\/480\/revisions"}],"predecessor-version":[{"id":527,"href":"https:\/\/mademoisellejoe.com\/index.php\/wp-json\/wp\/v2\/pages\/480\/revisions\/527"}],"wp:attachment":[{"href":"https:\/\/mademoisellejoe.com\/index.php\/wp-json\/wp\/v2\/media?parent=480"}],"curies":[{"name":"wp","href":"https:\/\/api.w.org\/{rel}","templated":true}]}}